{"id":271,"date":"2023-01-19T09:08:59","date_gmt":"2023-01-19T09:08:59","guid":{"rendered":"http:\/\/euko.ku.sk\/?page_id=271"},"modified":"2023-09-25T08:46:51","modified_gmt":"2023-09-25T08:46:51","slug":"bezpecnost-deti-v-digitalnom-priestore-konferencia-2023","status":"publish","type":"page","link":"https:\/\/euko.ku.sk\/index.php\/bezpecnost-deti-v-digitalnom-priestore-konferencia-2023\/","title":{"rendered":"Bezpe\u010dnos\u0165 det\u00ed v digit\u00e1lnom priestore &#8211; konferencia 2023"},"content":{"rendered":"[vc_row type=&#8220;full_width_background&#8220; full_screen_row_position=&#8220;middle&#8220; column_margin=&#8220;default&#8220; column_direction=&#8220;default&#8220; column_direction_tablet=&#8220;default&#8220; column_direction_phone=&#8220;default&#8220; bg_color=&#8220;#ffffff&#8220; scene_position=&#8220;center&#8220; top_padding=&#8220;4%&#8220; bottom_padding=&#8220;6%&#8220; top_padding_tablet=&#8220;8%&#8220; bottom_padding_tablet=&#8220;10%&#8220; text_color=&#8220;dark&#8220; text_align=&#8220;left&#8220; row_border_radius=&#8220;none&#8220; row_border_radius_applies=&#8220;bg&#8220; overflow=&#8220;visible&#8220; overlay_strength=&#8220;0.3&#8243; gradient_direction=&#8220;left_to_right&#8220; shape_divider_position=&#8220;bottom&#8220; bg_image_animation=&#8220;none&#8220; shape_type=&#8220;&#8220;][vc_column column_padding=&#8220;no-extra-padding&#8220; column_padding_tablet=&#8220;inherit&#8220; column_padding_phone=&#8220;inherit&#8220; column_padding_position=&#8220;all&#8220; column_element_direction_desktop=&#8220;default&#8220; column_element_spacing=&#8220;default&#8220; desktop_text_alignment=&#8220;default&#8220; tablet_text_alignment=&#8220;default&#8220; phone_text_alignment=&#8220;default&#8220; background_color_opacity=&#8220;1&#8243; background_hover_color_opacity=&#8220;1&#8243; column_backdrop_filter=&#8220;none&#8220; column_shadow=&#8220;none&#8220; column_border_radius=&#8220;none&#8220; column_link_target=&#8220;_self&#8220; column_position=&#8220;default&#8220; gradient_direction=&#8220;left_b_to_right_t&#8220; overlay_strength=&#8220;1&#8243; width=&#8220;1\/1&#8243; tablet_width_inherit=&#8220;default&#8220; animation_type=&#8220;default&#8220; enable_animation=&#8220;true&#8220; animation=&#8220;slight-twist&#8220; animation_easing=&#8220;default&#8220; bg_image_animation=&#8220;none&#8220; border_type=&#8220;simple&#8220; column_border_width=&#8220;none&#8220; column_border_style=&#8220;solid&#8220;][vc_row_inner column_margin=&#8220;none&#8220; column_direction=&#8220;default&#8220; column_direction_tablet=&#8220;default&#8220; column_direction_phone=&#8220;default&#8220; bottom_padding_tablet=&#8220;10&#8243; bottom_padding_phone=&#8220;5&#8243; left_padding_phone=&#8220;25%&#8220; constrain_group_6=&#8220;yes&#8220; right_padding_phone=&#8220;25%&#8220; text_align=&#8220;left&#8220; row_position=&#8220;default&#8220; row_position_tablet=&#8220;inherit&#8220; row_position_phone=&#8220;inherit&#8220; overflow=&#8220;visible&#8220; pointer_events=&#8220;all&#8220;][vc_column_inner column_padding=&#8220;no-extra-padding&#8220; column_padding_tablet=&#8220;inherit&#8220; column_padding_phone=&#8220;inherit&#8220; column_padding_position=&#8220;all&#8220; column_element_direction_desktop=&#8220;default&#8220; column_element_spacing=&#8220;default&#8220; centered_text=&#8220;true&#8220; desktop_text_alignment=&#8220;default&#8220; tablet_text_alignment=&#8220;default&#8220; phone_text_alignment=&#8220;default&#8220; background_color_opacity=&#8220;1&#8243; background_hover_color_opacity=&#8220;1&#8243; column_backdrop_filter=&#8220;none&#8220; column_shadow=&#8220;none&#8220; column_border_radius=&#8220;none&#8220; column_link_target=&#8220;_self&#8220; overflow=&#8220;visible&#8220; gradient_direction=&#8220;left_to_right&#8220; overlay_strength=&#8220;0.3&#8243; width=&#8220;1\/1&#8243; tablet_width_inherit=&#8220;default&#8220; animation_type=&#8220;default&#8220; enable_animation=&#8220;true&#8220; animation=&#8220;slight-twist&#8220; animation_easing=&#8220;default&#8220; bg_image_animation=&#8220;none&#8220; border_type=&#8220;simple&#8220; column_border_width=&#8220;none&#8220; column_border_style=&#8220;solid&#8220;][vc_column_text]<strong>Konferencia<\/strong>[\/vc_column_text][\/vc_column_inner][\/vc_row_inner][vc_row_inner column_margin=&#8220;default&#8220; column_direction=&#8220;default&#8220; column_direction_tablet=&#8220;default&#8220; column_direction_phone=&#8220;default&#8220; text_align=&#8220;left&#8220; row_position=&#8220;default&#8220; row_position_tablet=&#8220;inherit&#8220; row_position_phone=&#8220;inherit&#8220; overflow=&#8220;visible&#8220; pointer_events=&#8220;all&#8220;][vc_column_inner column_padding=&#8220;no-extra-padding&#8220; column_padding_tablet=&#8220;inherit&#8220; column_padding_phone=&#8220;inherit&#8220; column_padding_position=&#8220;all&#8220; column_element_direction_desktop=&#8220;default&#8220; column_element_spacing=&#8220;default&#8220; centered_text=&#8220;true&#8220; desktop_text_alignment=&#8220;default&#8220; tablet_text_alignment=&#8220;default&#8220; phone_text_alignment=&#8220;default&#8220; background_color_opacity=&#8220;1&#8243; background_hover_color_opacity=&#8220;1&#8243; column_backdrop_filter=&#8220;none&#8220; column_shadow=&#8220;none&#8220; column_border_radius=&#8220;none&#8220; column_link_target=&#8220;_self&#8220; overflow=&#8220;visible&#8220; gradient_direction=&#8220;left_to_right&#8220; overlay_strength=&#8220;0.3&#8243; width=&#8220;1\/1&#8243; tablet_width_inherit=&#8220;default&#8220; animation_type=&#8220;default&#8220; bg_image_animation=&#8220;none&#8220; border_type=&#8220;simple&#8220; column_border_width=&#8220;none&#8220; column_border_style=&#8220;solid&#8220;][nectar_highlighted_text text_color=&#8220;#000000&#8243; style=&#8220;text_outline&#8220; outline_thickness=&#8220;regular&#8220; custom_font_size=&#8220;8vh&#8220;]\n<h1>Bezpe\u010dnos\u0165 det\u00ed v digit\u00e1lnom priestore<\/h1>\n[\/nectar_highlighted_text][\/vc_column_inner][\/vc_row_inner][\/vc_column][\/vc_row][vc_row type=&#8220;full_width_background&#8220; full_screen_row_position=&#8220;middle&#8220; column_margin=&#8220;default&#8220; equal_height=&#8220;yes&#8220; content_placement=&#8220;middle&#8220; column_direction=&#8220;default&#8220; column_direction_tablet=&#8220;default&#8220; column_direction_phone=&#8220;default&#8220; bg_color=&#8220;#ffffff&#8220; scene_position=&#8220;center&#8220; top_padding=&#8220;5%&#8220; bottom_padding=&#8220;5%&#8220; text_color=&#8220;dark&#8220; text_align=&#8220;left&#8220; row_border_radius=&#8220;none&#8220; row_border_radius_applies=&#8220;bg&#8220; overflow=&#8220;visible&#8220; id=&#8220;discover&#8220; overlay_strength=&#8220;0.3&#8243; gradient_direction=&#8220;left_to_right&#8220; shape_divider_position=&#8220;bottom&#8220; bg_image_animation=&#8220;none&#8220; shape_type=&#8220;&#8220; gradient_type=&#8220;default&#8220;][vc_column column_padding=&#8220;no-extra-padding&#8220; column_padding_tablet=&#8220;inherit&#8220; column_padding_phone=&#8220;inherit&#8220; column_padding_position=&#8220;all&#8220; column_element_direction_desktop=&#8220;default&#8220; column_element_spacing=&#8220;default&#8220; desktop_text_alignment=&#8220;default&#8220; tablet_text_alignment=&#8220;default&#8220; phone_text_alignment=&#8220;default&#8220; background_color_opacity=&#8220;1&#8243; background_hover_color_opacity=&#8220;1&#8243; column_backdrop_filter=&#8220;none&#8220; column_shadow=&#8220;none&#8220; column_border_radius=&#8220;none&#8220; column_link_target=&#8220;_self&#8220; column_position=&#8220;default&#8220; gradient_direction=&#8220;left_to_right&#8220; overlay_strength=&#8220;0.3&#8243; width=&#8220;1\/2&#8243; tablet_width_inherit=&#8220;default&#8220; animation_type=&#8220;default&#8220; bg_image_animation=&#8220;none&#8220; border_type=&#8220;simple&#8220; column_border_width=&#8220;none&#8220; column_border_style=&#8220;solid&#8220;][vc_row_inner column_margin=&#8220;default&#8220; column_direction=&#8220;default&#8220; column_direction_tablet=&#8220;default&#8220; column_direction_phone=&#8220;default&#8220; text_align=&#8220;left&#8220; row_position=&#8220;default&#8220; row_position_tablet=&#8220;inherit&#8220; row_position_phone=&#8220;inherit&#8220; overflow=&#8220;visible&#8220; pointer_events=&#8220;all&#8220; css=&#8220;.vc_custom_1504128844236{margin-right: -1px !important;}&#8220;][vc_column_inner column_padding=&#8220;no-extra-padding&#8220; column_padding_tablet=&#8220;inherit&#8220; column_padding_phone=&#8220;inherit&#8220; column_padding_position=&#8220;all&#8220; column_element_direction_desktop=&#8220;default&#8220; column_element_spacing=&#8220;default&#8220; desktop_text_alignment=&#8220;default&#8220; tablet_text_alignment=&#8220;default&#8220; phone_text_alignment=&#8220;default&#8220; background_color_opacity=&#8220;1&#8243; background_hover_color_opacity=&#8220;1&#8243; column_backdrop_filter=&#8220;none&#8220; column_shadow=&#8220;none&#8220; column_border_radius=&#8220;none&#8220; column_link_target=&#8220;_self&#8220; overflow=&#8220;visible&#8220; gradient_direction=&#8220;left_to_right&#8220; overlay_strength=&#8220;0.3&#8243; width=&#8220;1\/1&#8243; tablet_width_inherit=&#8220;default&#8220; animation_type=&#8220;default&#8220; enable_animation=&#8220;true&#8220; animation=&#8220;fade-in-from-left&#8220; animation_easing=&#8220;default&#8220; bg_image_animation=&#8220;none&#8220; border_type=&#8220;simple&#8220; column_border_width=&#8220;none&#8220; column_border_style=&#8220;solid&#8220;][vc_column_text]\n<h1>Poz\u00fdvame V\u00e1s na konferenciu<\/h1>\n[\/vc_column_text][\/vc_column_inner][\/vc_row_inner][vc_column_text]Srde\u010dne V\u00e1s poz\u00fdvame na konferenciu Bezpe\u010dnos\u0165 det\u00ed v digit\u00e1lnom priestore, ktor\u00e1 sa uskuto\u010dn\u00ed 7. 2. 2023 na Katol\u00edckej univerzite v Ru\u017eomberku. Z\u00e1merom konferencie je stretnutie v\u00fdskumn\u00edkov a odborn\u00edkov z praxe, sie\u0165ovanie, spolo\u010dn\u00e1 diskusia v \u0161irok\u00fdch t\u00e9mach vyu\u017e\u00edvania digit\u00e1lneho priestoru de\u0165mi a mlad\u00fdmi. Konferencia bude ma\u0165 dve sekcie: v\u00fdskumn\u00fa, kde slovensk\u00ed v\u00fdskumn\u00edci bud\u00fa prezentova\u0165 ich aktu\u00e1lne vedeck\u00e9 zistenia, a odborn\u00fa, v ktorej vyst\u00fapia odborn\u00edci z praxe z organiz\u00e1ci\u00ed, ktor\u00e9 sa prakticky venuj\u00fa pr\u00e1ci s de\u0165mi a mlad\u00fdmi v oblasti digit\u00e1lneho priestoru.[\/vc_column_text][vc_column_text]Miesto a \u010das: <strong>Katol\u00edcka univerzita v Ru\u017eomberku, 7. 2. 2023<\/strong><br \/>\n<strong>(Medzin\u00e1rodn\u00fd de\u0148 bezpe\u010dn\u00e9ho internetu)<\/strong>[\/vc_column_text][vc_column_text]\n<h3><strong>Organiz\u00e1tor:<\/strong><\/h3>\n<ul>\n<li>N\u00e1rodn\u00e9 koordina\u010dn\u00e9 stredisko pre rie\u0161enie problematiky n\u00e1silia na de\u0165och (MPSVR<\/li>\n<li>SR);<\/li>\n<li>\u00dastredie pr\u00e1ce, soci\u00e1lnych vec\u00ed a rodiny;<\/li>\n<li>Katol\u00edcka univerzita v Ru\u017eomberku;<\/li>\n<li>digiQ<\/li>\n<\/ul>\n[\/vc_column_text][\/vc_column][vc_column column_padding=&#8220;no-extra-padding&#8220; column_padding_tablet=&#8220;inherit&#8220; column_padding_phone=&#8220;inherit&#8220; column_padding_position=&#8220;all&#8220; column_element_direction_desktop=&#8220;default&#8220; column_element_spacing=&#8220;default&#8220; desktop_text_alignment=&#8220;default&#8220; tablet_text_alignment=&#8220;default&#8220; phone_text_alignment=&#8220;default&#8220; background_color_opacity=&#8220;1&#8243; background_hover_color_opacity=&#8220;1&#8243; column_backdrop_filter=&#8220;none&#8220; column_shadow=&#8220;none&#8220; column_border_radius=&#8220;none&#8220; column_link_target=&#8220;_self&#8220; column_position=&#8220;default&#8220; gradient_direction=&#8220;left_to_right&#8220; overlay_strength=&#8220;0.3&#8243; width=&#8220;1\/2&#8243; tablet_width_inherit=&#8220;default&#8220; animation_type=&#8220;default&#8220; bg_image_animation=&#8220;none&#8220; border_type=&#8220;simple&#8220; column_border_width=&#8220;none&#8220; column_border_style=&#8220;solid&#8220;][image_with_animation image_url=&#8220;277&#8243; image_size=&#8220;full&#8220; animation_type=&#8220;entrance&#8220; animation=&#8220;Grow In&#8220; animation_easing=&#8220;default&#8220; animation_movement_type=&#8220;transform_y&#8220; hover_animation=&#8220;none&#8220; alignment=&#8220;right&#8220; img_link_large=&#8220;yes&#8220; border_radius=&#8220;none&#8220; box_shadow=&#8220;none&#8220; image_loading=&#8220;default&#8220; max_width=&#8220;100%&#8220; max_width_mobile=&#8220;default&#8220;][\/vc_column][\/vc_row][vc_row type=&#8220;in_container&#8220; full_screen_row_position=&#8220;middle&#8220; column_margin=&#8220;default&#8220; column_direction=&#8220;default&#8220; column_direction_tablet=&#8220;default&#8220; column_direction_phone=&#8220;default&#8220; scene_position=&#8220;center&#8220; text_color=&#8220;dark&#8220; text_align=&#8220;left&#8220; row_border_radius=&#8220;none&#8220; row_border_radius_applies=&#8220;bg&#8220; overflow=&#8220;visible&#8220; overlay_strength=&#8220;0.3&#8243; gradient_direction=&#8220;left_to_right&#8220; shape_divider_position=&#8220;bottom&#8220; bg_image_animation=&#8220;none&#8220;][vc_column column_padding=&#8220;padding-10-percent&#8220; column_padding_tablet=&#8220;inherit&#8220; column_padding_phone=&#8220;inherit&#8220; column_padding_position=&#8220;bottom&#8220; column_element_direction_desktop=&#8220;default&#8220; column_element_spacing=&#8220;default&#8220; desktop_text_alignment=&#8220;default&#8220; tablet_text_alignment=&#8220;default&#8220; phone_text_alignment=&#8220;default&#8220; background_color_opacity=&#8220;1&#8243; background_hover_color_opacity=&#8220;1&#8243; column_backdrop_filter=&#8220;none&#8220; column_shadow=&#8220;none&#8220; column_border_radius=&#8220;none&#8220; column_link_target=&#8220;_self&#8220; column_position=&#8220;default&#8220; gradient_direction=&#8220;left_to_right&#8220; overlay_strength=&#8220;0.3&#8243; width=&#8220;1\/1&#8243; tablet_width_inherit=&#8220;default&#8220; animation_type=&#8220;default&#8220; bg_image_animation=&#8220;none&#8220; border_type=&#8220;simple&#8220; column_border_width=&#8220;none&#8220; column_border_style=&#8220;solid&#8220;][vc_column_text]\n<h3><strong>Program konferencie:<\/strong><\/h3>\n<p><strong>8:30 &#8211; 9:45<\/strong> Registr\u00e1cia<br \/>\n<strong>9:45 &#8211; 10:00<\/strong> Otvorenie konferencie (pr\u00edhovory \u010destn\u00fdch host\u00ed, Rektor KU Jaroslav Demko, poslanky\u0148a Eur\u00f3pskeho parlamentu Miriam Lexmann)<br \/>\n<strong>10:00 &#8211; 10:20<\/strong> Kult\u00farna vlo\u017eka (umeleck\u00e9 vyst\u00fapenie Katedry hudby PFKU)<br \/>\n<strong>10:20 &#8211; 12:00<\/strong> <strong>Keynote speakers<\/strong><\/p>\n<p style=\"padding-left: 40px;\"><strong>10:20 \u2013 10:50<\/strong> Mgr. M\u00e1ria Vargov\u00e1, riadite\u013eka NKS pre rie\u0161enie problematiky n\u00e1silia na de\u0165och MPSVaR [<em>Deti \u2013 domorodci v\u00a0digit\u00e1lnom veku<\/em>]\n<strong>10:50 \u2013 11:20<\/strong> doc. Mgr. et Mgr. Hana Mach\u00e1\u010dkov\u00e1, Ph.D. Interdisciplin\u00e1rn\u00ed v\u00fdzkum internetu a spole\u010dnosti FSS MUNI [<em>Online rizika u d\u011bt\u00ed a dosp\u00edvaj\u00edc\u00edch<\/em>]\n<strong>11:20 \u2013 11:50<\/strong> Juraj Holdo\u0161, Pavel Izrael, Angela Alma\u0161iov\u00e1, Katar\u00edna Koh\u00fatov\u00e1, Katol\u00edcka univerzita v\u00a0Ru\u017eomberku [<em>V\u00fdskumn\u00e1 spr\u00e1va: Pre\u017e\u00edvanie a spr\u00e1vanie det\u00ed a ml\u00e1de\u017ee na Slovensku v roku 2022<\/em>]\n<p><strong>12:00 \u2013 13:00<\/strong> Obed<\/p>\n<p><strong>13:00 \u2013 15:20\u00a0<\/strong><b>Odborn\u00e1 sekcia (chairman: Mari\u00e1n Hamada)<\/b><\/p>\n<p style=\"padding-left: 40px;\"><strong>13:00 \u2013 13:20<\/strong> Andrea Cox, Vzdel\u00e1vanie k digit\u00e1lnemu ob\u010dianstvu: o\u010dak\u00e1vanie a realita.<br \/>\n<strong>13:20 \u2013 13:40<\/strong> Silvester Bu\u010dek, Vzdel\u00e1vac\u00ed potenci\u00e1l digit\u00e1lnych hier<br \/>\n<strong>13:40 \u2013 14:00<\/strong> Stanislav Mat\u011bjka, Vikt\u00f3ria Norisov\u00e1, Regul\u00e1cia alebo prevencia?\u00a0\u00da\u010dinn\u00fd n\u00e1stroj na ochranu det\u00ed v meniacom sa medi\u00e1lnom priestore<\/p>\n<p><strong>14:00 \u2013 14:20<\/strong>\u00a0Prest\u00e1vka<span class=\"Apple-converted-space\">\u00a0<\/span><\/p>\n<p style=\"padding-left: 40px;\"><strong>14:20 \u2013 14:40<\/strong> Krist\u00edna Bla\u017eekov\u00e1, Mlad\u00ed \u013eudia v z\u00e1plave (dez)inform\u00e1ci\u00ed \u2013 ako\u00a0 prin\u00e1\u0161a\u0165 t\u00e9mu medi\u00e1lnej gramotnosti do \u0161k\u00f4l?<br \/>\n<strong>14:40 \u2013 15:00<\/strong> Andrej Kostanjevec, N\u00e1rodn\u00e1 linka na pomoc de\u0165om v ohrozen\u00ed VIAC AKO NI(C)K<br \/>\n<strong>15:00 \u2013 15:20<\/strong> Katar\u00edna Benn\u00e1rov\u00e1, Rizik\u00e1 online priestoru \u2013 ako \u00a0sa spr\u00e1va\u0165 v online priestore, aby sme my a deti boli v bezpe\u010d\u00ed (Z aplika\u010dnej praxe Policajn\u00e9ho zboru v oblasti p\u00e1chania po\u010d\u00edta\u010dovej kriminality)<\/p>\n<p><b>13:00 \u2013 15:20 Vedeck\u00e1 sekcia <\/b><strong>(chairman: Juraj Holdo\u0161)<span class=\"Apple-converted-space\">\u00a0<\/span><\/strong><\/p>\n<p style=\"padding-left: 40px;\"><strong>13:00 \u2013 13:20<\/strong> Katar\u00edna Holl\u00e1, Sexting a jeho n\u00e1strahy u dospievaj\u00facich<br \/>\n<strong>13:20 \u2013 13:40<\/strong> M\u00e1ria D\u011bdov\u00e1, N\u00e1silie a \u0161ikanovanie ako v\u00fdznamn\u00e9 ohrozenia u det\u00ed<br \/>\n<strong>13:40 \u2013 14:00<\/strong> Miriam Niklov\u00e1, Prevencia online rizikov\u00e9ho spr\u00e1vania v eduka\u010dnej praxi<\/p>\n<p><strong>14:00 \u2013 14:20<\/strong> Prest\u00e1vka<span class=\"Apple-converted-space\">\u00a0<\/span><\/p>\n<p style=\"padding-left: 40px;\"><strong>14:20 \u2013 14:40<\/strong> M\u00e1rio Dulovics, Digit\u00e1lna vulnerabilita det\u00ed a dospievaj\u00facich v teoreticko-empirick\u00fdch s\u00favislostiach<br \/>\n<strong>14:40 \u2013 15:00<\/strong> Michal Bo\u017eik, Rozdiely medzi otcami a matkami det\u00ed mlad\u0161ieho \u0161kolsk\u00e9ho veku v rodi\u010dovskom spr\u00e1van\u00ed vo vz\u0165ahu k m\u00e9di\u00e1m a ich s\u00favislosti s vybran\u00fdmi aktivitami det\u00ed pred obrazovkami digit\u00e1lnych zariaden\u00ed<br \/>\n<strong>15:00 \u2013 15:20<\/strong> Michaela \u0160avrnochov\u00e1, \u0160pecifik\u00e1 exces\u00edvneho pou\u017e\u00edvania internetu u det\u00ed a dospievaj\u00facich zo soci\u00e1lne znev\u00fdhodnen\u00e9ho prostredia<\/p>\n<p><strong>15:30<\/strong> Z\u00e1ver konferencie[\/vc_column_text][vc_row_inner column_margin=&#8220;default&#8220; column_direction=&#8220;default&#8220; column_direction_tablet=&#8220;default&#8220; column_direction_phone=&#8220;default&#8220; text_align=&#8220;left&#8220; row_position=&#8220;default&#8220; row_position_tablet=&#8220;inherit&#8220; row_position_phone=&#8220;inherit&#8220; overflow=&#8220;visible&#8220; pointer_events=&#8220;all&#8220;][vc_column_inner column_padding=&#8220;padding-2-percent&#8220; column_padding_tablet=&#8220;inherit&#8220; column_padding_phone=&#8220;inherit&#8220; column_padding_position=&#8220;top-bottom&#8220; column_element_direction_desktop=&#8220;default&#8220; column_element_spacing=&#8220;default&#8220; centered_text=&#8220;true&#8220; desktop_text_alignment=&#8220;default&#8220; tablet_text_alignment=&#8220;default&#8220; phone_text_alignment=&#8220;default&#8220; background_color_opacity=&#8220;1&#8243; background_hover_color_opacity=&#8220;1&#8243; column_backdrop_filter=&#8220;none&#8220; column_shadow=&#8220;none&#8220; column_border_radius=&#8220;none&#8220; column_link_target=&#8220;_self&#8220; overflow=&#8220;visible&#8220; gradient_direction=&#8220;left_to_right&#8220; overlay_strength=&#8220;0.3&#8243; width=&#8220;1\/1&#8243; tablet_width_inherit=&#8220;default&#8220; animation_type=&#8220;default&#8220; bg_image_animation=&#8220;none&#8220; border_type=&#8220;simple&#8220; column_border_width=&#8220;none&#8220; column_border_style=&#8220;solid&#8220; column_padding_type=&#8220;default&#8220; gradient_type=&#8220;default&#8220;][nectar_btn size=&#8220;jumbo&#8220; open_new_tab=&#8220;true&#8220; button_style=&#8220;regular&#8220; button_color_2=&#8220;Accent-Color&#8220; icon_family=&#8220;none&#8220; text=&#8220;Kniha abstraktov, .pdf&#8220; url=&#8220;http:\/\/euko.ku.sk\/wp-content\/uploads\/2023\/02\/kniha-abstraktov-1-2023.pdf&#8220;][divider line_type=&#8220;No Line&#8220; custom_height=&#8220;10&#8243;][nectar_btn size=&#8220;jumbo&#8220; open_new_tab=&#8220;true&#8220; button_style=&#8220;regular&#8220; button_color_2=&#8220;Accent-Color&#8220; icon_family=&#8220;none&#8220; text=&#8220;Vide\u00e1 z konferencie&#8220; url=&#8220;http:\/\/euko.ku.sk\/index.php\/vyskumne-spravy-a-videa\/&#8220;][\/vc_column_inner][\/vc_row_inner][vc_row_inner column_margin=&#8220;default&#8220; column_direction=&#8220;default&#8220; column_direction_tablet=&#8220;default&#8220; column_direction_phone=&#8220;default&#8220; top_padding=&#8220;2%&#8220; text_align=&#8220;left&#8220; row_position=&#8220;default&#8220; row_position_tablet=&#8220;inherit&#8220; row_position_phone=&#8220;inherit&#8220; overflow=&#8220;visible&#8220; pointer_events=&#8220;all&#8220;][vc_column_inner column_padding=&#8220;no-extra-padding&#8220; column_padding_tablet=&#8220;inherit&#8220; column_padding_phone=&#8220;inherit&#8220; column_padding_position=&#8220;all&#8220; column_element_direction_desktop=&#8220;default&#8220; column_element_spacing=&#8220;default&#8220; desktop_text_alignment=&#8220;default&#8220; tablet_text_alignment=&#8220;default&#8220; phone_text_alignment=&#8220;default&#8220; background_color_opacity=&#8220;1&#8243; background_hover_color_opacity=&#8220;1&#8243; column_backdrop_filter=&#8220;none&#8220; column_shadow=&#8220;none&#8220; column_border_radius=&#8220;none&#8220; column_link_target=&#8220;_self&#8220; overflow=&#8220;visible&#8220; gradient_direction=&#8220;left_to_right&#8220; overlay_strength=&#8220;0.3&#8243; width=&#8220;1\/1&#8243; tablet_width_inherit=&#8220;default&#8220; animation_type=&#8220;default&#8220; bg_image_animation=&#8220;none&#8220; border_type=&#8220;simple&#8220; column_border_width=&#8220;none&#8220; column_border_style=&#8220;solid&#8220;][image_with_animation image_url=&#8220;289&#8243; image_size=&#8220;full&#8220; animation_type=&#8220;entrance&#8220; animation=&#8220;None&#8220; animation_movement_type=&#8220;transform_y&#8220; hover_animation=&#8220;none&#8220; alignment=&#8220;center&#8220; border_radius=&#8220;none&#8220; box_shadow=&#8220;none&#8220; image_loading=&#8220;default&#8220; max_width=&#8220;100%&#8220; max_width_mobile=&#8220;default&#8220;][\/vc_column_inner][\/vc_row_inner][\/vc_column][\/vc_row]\n","protected":false},"excerpt":{"rendered":"<p>[vc_row type=&#8220;full_width_background&#8220; full_screen_row_position=&#8220;middle&#8220; column_margin=&#8220;default&#8220; column_direction=&#8220;default&#8220; column_direction_tablet=&#8220;default&#8220; column_direction_phone=&#8220;default&#8220; bg_color=&#8220;#ffffff&#8220; scene_position=&#8220;center&#8220; top_padding=&#8220;4%&#8220; bottom_padding=&#8220;6%&#8220; top_padding_tablet=&#8220;8%&#8220; bottom_padding_tablet=&#8220;10%&#8220; text_color=&#8220;dark&#8220; text_align=&#8220;left&#8220; row_border_radius=&#8220;none&#8220; row_border_radius_applies=&#8220;bg&#8220; overflow=&#8220;visible&#8220; overlay_strength=&#8220;0.3&#8243; gradient_direction=&#8220;left_to_right&#8220; shape_divider_position=&#8220;bottom&#8220; bg_image_animation=&#8220;none&#8220; shape_type=&#8220;&#8220;][vc_column column_padding=&#8220;no-extra-padding&#8220; column_padding_tablet=&#8220;inherit&#8220; column_padding_phone=&#8220;inherit&#8220; column_padding_position=&#8220;all&#8220; column_element_direction_desktop=&#8220;default&#8220; column_element_spacing=&#8220;default&#8220; desktop_text_alignment=&#8220;default&#8220;&#8230;<\/p>\n","protected":false},"author":2,"featured_media":0,"parent":0,"menu_order":0,"comment_status":"closed","ping_status":"closed","template":"","meta":{"footnotes":""},"class_list":["post-271","page","type-page","status-publish"],"_links":{"self":[{"href":"https:\/\/euko.ku.sk\/index.php\/wp-json\/wp\/v2\/pages\/271","targetHints":{"allow":["GET"]}}],"collection":[{"href":"https:\/\/euko.ku.sk\/index.php\/wp-json\/wp\/v2\/pages"}],"about":[{"href":"https:\/\/euko.ku.sk\/index.php\/wp-json\/wp\/v2\/types\/page"}],"author":[{"embeddable":true,"href":"https:\/\/euko.ku.sk\/index.php\/wp-json\/wp\/v2\/users\/2"}],"replies":[{"embeddable":true,"href":"https:\/\/euko.ku.sk\/index.php\/wp-json\/wp\/v2\/comments?post=271"}],"version-history":[{"count":25,"href":"https:\/\/euko.ku.sk\/index.php\/wp-json\/wp\/v2\/pages\/271\/revisions"}],"predecessor-version":[{"id":310,"href":"https:\/\/euko.ku.sk\/index.php\/wp-json\/wp\/v2\/pages\/271\/revisions\/310"}],"wp:attachment":[{"href":"https:\/\/euko.ku.sk\/index.php\/wp-json\/wp\/v2\/media?parent=271"}],"curies":[{"name":"wp","href":"https:\/\/api.w.org\/{rel}","templated":true}]}}